{"id":303,"date":"2017-01-07T15:56:34","date_gmt":"2017-01-07T14:56:34","guid":{"rendered":"http:\/\/www.eylienkoenig.com\/?page_id=303"},"modified":"2017-02-12T21:13:14","modified_gmt":"2017-02-12T20:13:14","slug":"exhibition-space-pool","status":"publish","type":"page","link":"https:\/\/www.eylienkoenig.com\/?page_id=303","title":{"rendered":"exhibition space POOL"},"content":{"rendered":"<p>&nbsp;<\/p>\n<p align=\"JUSTIFY\"><span style=\"color: #000000;\"><span style=\"font-family: Calibri Light,sans-serif;\"><span style=\"font-size: medium;\"><img decoding=\"async\" loading=\"lazy\" class=\"alignnone size-full wp-image-771\" src=\"http:\/\/www.eylienkoenig.com\/wp-content\/uploads\/2017\/01\/POOL_2.jpg\" alt=\"\" width=\"1094\" height=\"1577\" srcset=\"https:\/\/www.eylienkoenig.com\/wp-content\/uploads\/2017\/01\/POOL_2.jpg 1094w, https:\/\/www.eylienkoenig.com\/wp-content\/uploads\/2017\/01\/POOL_2-208x300.jpg 208w, https:\/\/www.eylienkoenig.com\/wp-content\/uploads\/2017\/01\/POOL_2-768x1107.jpg 768w, https:\/\/www.eylienkoenig.com\/wp-content\/uploads\/2017\/01\/POOL_2-710x1024.jpg 710w\" sizes=\"(max-width: 1094px) 100vw, 1094px\" \/>\u00a0<\/span><\/span><\/span><\/p>\n<p align=\"JUSTIFY\"><span style=\"color: #000000;\"><span style=\"font-family: Calibri Light,sans-serif;\"><span style=\"font-size: medium;\">Lange Reihe 2\u00a0 \/\u00a0 20099 Hamburg\u00a0 \/\u00a0 Oktober bis Dezember 2015<\/span><\/span><\/span><\/p>\n<p align=\"JUSTIFY\"><img decoding=\"async\" loading=\"lazy\" class=\"alignnone size-full wp-image-770\" src=\"http:\/\/www.eylienkoenig.com\/wp-content\/uploads\/2017\/01\/POOL_1.jpg\" alt=\"\" width=\"1076\" height=\"1638\" srcset=\"https:\/\/www.eylienkoenig.com\/wp-content\/uploads\/2017\/01\/POOL_1.jpg 1076w, https:\/\/www.eylienkoenig.com\/wp-content\/uploads\/2017\/01\/POOL_1-197x300.jpg 197w, https:\/\/www.eylienkoenig.com\/wp-content\/uploads\/2017\/01\/POOL_1-768x1169.jpg 768w, https:\/\/www.eylienkoenig.com\/wp-content\/uploads\/2017\/01\/POOL_1-673x1024.jpg 673w\" sizes=\"(max-width: 1076px) 100vw, 1076px\" \/><\/p>\n<hr \/>\n<p style=\"text-align: left; padding-left: 30px;\">An der Schnittstelle bildender und darstellender K\u00fcnste forciert POOL die k\u00fcnstlerische Zusammenarbeit auf Distanz. Der Schwerpunkt liegt dabei in einer Auseinandersetzung mit individuell und kulturell verschiedenen Herangehensweisen. Distanzen, Gleichzeitigkeit von Hier und Dort und die Pr\u00e4senz des Abwesenden sind dabei wichtige Themenfelder.<\/p>\n<p style=\"text-align: left; padding-left: 30px;\">Vorg\u00e4nge der \u00dcbertragung, die im Rahmen von internationalen Ausstellungen Gang und Gebe sind &#8211; wie das Verschicken von Werken, die Umsetzung nach Pl\u00e4nen, der Nachbau r\u00fccken ins Zentrum.<\/p>\n<p style=\"text-align: left; padding-left: 30px;\">Die \u00dcbertragung selbst wird zum Kunstwerk. Und die Kommunikation der K\u00fcnstlerInnen mit den K\u00fcnstlerInnen in Hamburg ist Dreh-und Angelpunkt, von dem aus Positionen wahrgenommen werden.<\/p>\n<p style=\"text-align: left; padding-left: 30px;\">Es braucht voneinander entfernte Perspektiven, um Relationen als eigentliche Akteure betrachten zu k\u00f6nnen.<\/p>\n<p style=\"text-align: left;\">POOL_Doris Margarete Schmidt, Lisa Sperling, Martina Mahlknecht, Eylien K\u00f6nig<\/p>\n<p style=\"text-align: left;\">\n<hr \/>\n<p><a href=\"http:\/\/pool.digital\/\" target=\"_blank\">http:\/\/pool.digital\/<\/a><\/p>\n<hr \/>\n<p>&nbsp;<\/p>\n<p>&nbsp;<\/p>\n","protected":false},"excerpt":{"rendered":"<p>&nbsp; \u00a0 Lange Reihe 2\u00a0 \/\u00a0 20099 Hamburg\u00a0 \/\u00a0 Oktober bis Dezember 2015 An der Schnittstelle bildender und darstellender K\u00fcnste forciert POOL die k\u00fcnstlerische Zusammenarbeit auf Distanz. Der Schwerpunkt liegt dabei in einer Auseinandersetzung mit individuell und kulturell verschiedenen Herangehensweisen. Distanzen, Gleichzeitigkeit von Hier und Dort und die Pr\u00e4senz des Abwesenden sind dabei wichtige Themenfelder. &hellip; <a href=\"https:\/\/www.eylienkoenig.com\/?page_id=303\" class=\"more-link\"><span class=\"screen-reader-text\">exhibition space POOL<\/span> weiterlesen<\/a><\/p>\n","protected":false},"author":1,"featured_media":0,"parent":0,"menu_order":0,"comment_status":"closed","ping_status":"closed","template":"","meta":[],"_links":{"self":[{"href":"https:\/\/www.eylienkoenig.com\/index.php?rest_route=\/wp\/v2\/pages\/303"}],"collection":[{"href":"https:\/\/www.eylienkoenig.com\/index.php?rest_route=\/wp\/v2\/pages"}],"about":[{"href":"https:\/\/www.eylienkoenig.com\/index.php?rest_route=\/wp\/v2\/types\/page"}],"author":[{"embeddable":true,"href":"https:\/\/www.eylienkoenig.com\/index.php?rest_route=\/wp\/v2\/users\/1"}],"replies":[{"embeddable":true,"href":"https:\/\/www.eylienkoenig.com\/index.php?rest_route=%2Fwp%2Fv2%2Fcomments&post=303"}],"version-history":[{"count":9,"href":"https:\/\/www.eylienkoenig.com\/index.php?rest_route=\/wp\/v2\/pages\/303\/revisions"}],"predecessor-version":[{"id":925,"href":"https:\/\/www.eylienkoenig.com\/index.php?rest_route=\/wp\/v2\/pages\/303\/revisions\/925"}],"wp:attachment":[{"href":"https:\/\/www.eylienkoenig.com\/index.php?rest_route=%2Fwp%2Fv2%2Fmedia&parent=303"}],"curies":[{"name":"wp","href":"https:\/\/api.w.org\/{rel}","templated":true}]}}